{"id":49,"date":"2025-09-20T00:04:35","date_gmt":"2025-09-19T22:04:35","guid":{"rendered":"https:\/\/digikeyspot.com\/home\/"},"modified":"2025-10-26T00:05:05","modified_gmt":"2025-10-25T22:05:05","slug":"home","status":"publish","type":"page","link":"https:\/\/digikeyspot.com\/en\/","title":{"rendered":"Home"},"content":{"rendered":"<div data-elementor-type=\"wp-page\" data-elementor-id=\"49\" class=\"elementor elementor-49\">\n\t\t\t\t\t\t<section class=\"elementor-section elementor-top-section elementor-element elementor-element-jn7aiyt elementor-section-boxed elementor-section-height-default elementor-section-height-default\" data-id=\"jn7aiyt\" data-element_type=\"section\">\n\t\t\t\t\t\t<div class=\"elementor-container elementor-column-gap-no\">\n\t\t\t\t\t<div class=\"elementor-column elementor-col-100 elementor-top-column elementor-element elementor-element-ce63152\" data-id=\"ce63152\" data-element_type=\"column\">\n\t\t\t<div class=\"elementor-widget-wrap\">\n\t\t\t\t\t\t\t<\/div>\n\t\t<\/div>\n\t\t\t\t\t<\/div>\n\t\t<\/section>\n\t\t\t\t<section class=\"elementor-section elementor-top-section elementor-element elementor-element-2v9eyv0 elementor-section-boxed elementor-section-height-default elementor-section-height-default\" data-id=\"2v9eyv0\" data-element_type=\"section\" data-settings=\"{&quot;background_background&quot;:&quot;classic&quot;}\">\n\t\t\t\t\t\t\t<div class=\"elementor-background-overlay\"><\/div>\n\t\t\t\t\t\t\t<div class=\"elementor-container elementor-column-gap-default\">\n\t\t\t\t\t<div class=\"elementor-column elementor-col-100 elementor-top-column elementor-element elementor-element-78af2ff\" data-id=\"78af2ff\" data-element_type=\"column\">\n\t\t\t<div class=\"elementor-widget-wrap elementor-element-populated\">\n\t\t\t\t\t\t<div class=\"elementor-element elementor-element-58ba8f4 elementor-widget elementor-widget-heading\" data-id=\"58ba8f4\" data-element_type=\"widget\" data-widget_type=\"heading.default\">\n\t\t\t\t<div class=\"elementor-widget-container\">\n\t\t\t\t\t<h1 class=\"elementor-heading-title elementor-size-default\">DigiKeySpot<\/h1>\t\t\t\t<\/div>\n\t\t\t\t<\/div>\n\t\t<div class=\"elementor-element elementor-element-ddffd4a e-flex e-con-boxed e-con e-parent\" data-id=\"ddffd4a\" data-element_type=\"container\">\n\t\t\t\t\t<div class=\"e-con-inner\">\n\t\t\t\t<div class=\"elementor-element elementor-element-94bca70 elementor-widget elementor-widget-heading\" data-id=\"94bca70\" data-element_type=\"widget\" data-widget_type=\"heading.default\">\n\t\t\t\t<div class=\"elementor-widget-container\">\n\t\t\t\t\t<h2 class=\"elementor-heading-title elementor-size-default\">Digital products and top-ups<\/h2>\t\t\t\t<\/div>\n\t\t\t\t<\/div>\n\t\t\t\t<div class=\"elementor-element elementor-element-8a24530 elementor-widget elementor-widget-heading\" data-id=\"8a24530\" data-element_type=\"widget\" data-widget_type=\"heading.default\">\n\t\t\t\t<div class=\"elementor-widget-container\">\n\t\t\t\t\t<h3 class=\"elementor-heading-title elementor-size-default\">Discover digital products and top-ups delivered immediately after purchase<\/h3>\t\t\t\t<\/div>\n\t\t\t\t<\/div>\n\t\t\t\t\t<\/div>\n\t\t\t\t<\/div>\n\t\t\t\t<div class=\"elementor-element elementor-element-c4c3581 elementor-align-center elementor-widget elementor-widget-button\" data-id=\"c4c3581\" data-element_type=\"widget\" data-widget_type=\"button.default\">\n\t\t\t\t<div class=\"elementor-widget-container\">\n\t\t\t\t\t\t\t\t\t<div class=\"elementor-button-wrapper\">\n\t\t\t\t\t<a class=\"elementor-button elementor-button-link elementor-size-sm\" href=\"https:\/\/digikeyspot.com\/en\/produkty\/\">\n\t\t\t\t\t\t<span class=\"elementor-button-content-wrapper\">\n\t\t\t\t\t\t\t\t\t<span class=\"elementor-button-text\">Browse products<\/span>\n\t\t\t\t\t<\/span>\n\t\t\t\t\t<\/a>\n\t\t\t\t<\/div>\n\t\t\t\t\t\t\t\t<\/div>\n\t\t\t\t<\/div>\n\t\t\t\t\t<\/div>\n\t\t<\/div>\n\t\t\t\t\t<\/div>\n\t\t<\/section>\n\t\t<div class=\"elementor-element elementor-element-f91ab5d e-flex e-con-boxed e-con e-parent\" data-id=\"f91ab5d\" data-element_type=\"container\">\n\t\t\t\t\t<div class=\"e-con-inner\">\n\t\t\t\t<div class=\"elementor-element elementor-element-2920a25 elementor-widget elementor-widget-heading\" data-id=\"2920a25\" data-element_type=\"widget\" data-widget_type=\"heading.default\">\n\t\t\t\t<div class=\"elementor-widget-container\">\n\t\t\t\t\t<h2 class=\"elementor-heading-title elementor-size-default\">Why choose DigiKeySpot?<\/h2>\t\t\t\t<\/div>\n\t\t\t\t<\/div>\n\t\t\t\t\t<\/div>\n\t\t\t\t<\/div>\n\t\t<div class=\"elementor-element elementor-element-fc9c933 e-grid e-con-boxed e-con e-parent\" data-id=\"fc9c933\" data-element_type=\"container\">\n\t\t\t\t\t<div class=\"e-con-inner\">\n\t\t\t\t<div class=\"elementor-element elementor-element-bd6faca elementor-widget elementor-widget-image\" data-id=\"bd6faca\" data-element_type=\"widget\" data-widget_type=\"image.default\">\n\t\t\t\t<div class=\"elementor-widget-container\">\n\t\t\t\t\t\t\t\t\t\t\t\t\t\t\t<img fetchpriority=\"high\" decoding=\"async\" width=\"300\" height=\"300\" src=\"https:\/\/digikeyspot.com\/wp-content\/uploads\/2025\/10\/kafelek-3-300x300.png\" class=\"attachment-medium size-medium wp-image-1684\" alt=\"kafelek 3\" srcset=\"https:\/\/digikeyspot.com\/wp-content\/uploads\/2025\/10\/kafelek-3-300x300.png 300w, https:\/\/digikeyspot.com\/wp-content\/uploads\/2025\/10\/kafelek-3-150x150.png 150w, https:\/\/digikeyspot.com\/wp-content\/uploads\/2025\/10\/kafelek-3-768x768.png 768w, https:\/\/digikeyspot.com\/wp-content\/uploads\/2025\/10\/kafelek-3-12x12.png 12w, https:\/\/digikeyspot.com\/wp-content\/uploads\/2025\/10\/kafelek-3-600x600.png 600w, https:\/\/digikeyspot.com\/wp-content\/uploads\/2025\/10\/kafelek-3-100x100.png 100w, https:\/\/digikeyspot.com\/wp-content\/uploads\/2025\/10\/kafelek-3.png 1024w\" sizes=\"(max-width: 300px) 100vw, 300px\" title=\"Home\">\t\t\t\t\t\t\t\t\t\t\t\t\t\t\t<\/div>\n\t\t\t\t<\/div>\n\t\t\t\t<div class=\"elementor-element elementor-element-70f4306 elementor-widget elementor-widget-image\" data-id=\"70f4306\" data-element_type=\"widget\" data-widget_type=\"image.default\">\n\t\t\t\t<div class=\"elementor-widget-container\">\n\t\t\t\t\t\t\t\t\t\t\t\t\t\t\t<img decoding=\"async\" width=\"300\" height=\"300\" src=\"https:\/\/digikeyspot.com\/wp-content\/uploads\/2025\/10\/kafelek-2-300x300.png\" class=\"attachment-medium size-medium wp-image-1685\" alt=\"kafelek 2\" srcset=\"https:\/\/digikeyspot.com\/wp-content\/uploads\/2025\/10\/kafelek-2-300x300.png 300w, https:\/\/digikeyspot.com\/wp-content\/uploads\/2025\/10\/kafelek-2-150x150.png 150w, https:\/\/digikeyspot.com\/wp-content\/uploads\/2025\/10\/kafelek-2-768x768.png 768w, https:\/\/digikeyspot.com\/wp-content\/uploads\/2025\/10\/kafelek-2-12x12.png 12w, https:\/\/digikeyspot.com\/wp-content\/uploads\/2025\/10\/kafelek-2.png 1024w\" sizes=\"(max-width: 300px) 100vw, 300px\" title=\"Home\">\t\t\t\t\t\t\t\t\t\t\t\t\t\t\t<\/div>\n\t\t\t\t<\/div>\n\t\t\t\t<div class=\"elementor-element elementor-element-59900f9 elementor-widget elementor-widget-image\" data-id=\"59900f9\" data-element_type=\"widget\" data-widget_type=\"image.default\">\n\t\t\t\t<div class=\"elementor-widget-container\">\n\t\t\t\t\t\t\t\t\t\t\t\t\t\t\t<img decoding=\"async\" width=\"300\" height=\"300\" src=\"https:\/\/digikeyspot.com\/wp-content\/uploads\/2025\/10\/kafelek-1-300x300.png\" class=\"attachment-medium size-medium wp-image-1689\" alt=\"kafelek 1\" srcset=\"https:\/\/digikeyspot.com\/wp-content\/uploads\/2025\/10\/kafelek-1-300x300.png 300w, https:\/\/digikeyspot.com\/wp-content\/uploads\/2025\/10\/kafelek-1-150x150.png 150w, https:\/\/digikeyspot.com\/wp-content\/uploads\/2025\/10\/kafelek-1-768x768.png 768w, https:\/\/digikeyspot.com\/wp-content\/uploads\/2025\/10\/kafelek-1-12x12.png 12w, https:\/\/digikeyspot.com\/wp-content\/uploads\/2025\/10\/kafelek-1-600x600.png 600w, https:\/\/digikeyspot.com\/wp-content\/uploads\/2025\/10\/kafelek-1-100x100.png 100w, https:\/\/digikeyspot.com\/wp-content\/uploads\/2025\/10\/kafelek-1.png 1024w\" sizes=\"(max-width: 300px) 100vw, 300px\" title=\"Home\">\t\t\t\t\t\t\t\t\t\t\t\t\t\t\t<\/div>\n\t\t\t\t<\/div>\n\t\t\t\t\t<\/div>\n\t\t\t\t<\/div>\n\t\t<div class=\"elementor-element elementor-element-dcd65c7 e-flex e-con-boxed e-con e-parent\" data-id=\"dcd65c7\" data-element_type=\"container\" data-settings=\"{&quot;background_background&quot;:&quot;classic&quot;}\">\n\t\t\t\t\t<div class=\"e-con-inner\">\n\t\t<div class=\"elementor-element elementor-element-5b53f5d e-con-full e-flex e-con e-child\" data-id=\"5b53f5d\" data-element_type=\"container\">\n\t\t\t\t<div class=\"elementor-element elementor-element-60eb8dc elementor-widget elementor-widget-heading\" data-id=\"60eb8dc\" data-element_type=\"widget\" data-widget_type=\"heading.default\">\n\t\t\t\t<div class=\"elementor-widget-container\">\n\t\t\t\t\t<h2 class=\"elementor-heading-title elementor-size-default\">Check out products for yourself<\/h2>\t\t\t\t<\/div>\n\t\t\t\t<\/div>\n\t\t\t\t<div class=\"elementor-element elementor-element-558c2ff elementor-align-center elementor-widget elementor-widget-button\" data-id=\"558c2ff\" data-element_type=\"widget\" data-widget_type=\"button.default\">\n\t\t\t\t<div class=\"elementor-widget-container\">\n\t\t\t\t\t\t\t\t\t<div class=\"elementor-button-wrapper\">\n\t\t\t\t\t<a class=\"elementor-button elementor-button-link elementor-size-sm\" href=\"https:\/\/digikeyspot.com\/en\/produkty\/\">\n\t\t\t\t\t\t<span class=\"elementor-button-content-wrapper\">\n\t\t\t\t\t\t\t\t\t<span class=\"elementor-button-text\">See products<\/span>\n\t\t\t\t\t<\/span>\n\t\t\t\t\t<\/a>\n\t\t\t\t<\/div>\n\t\t\t\t\t\t\t\t<\/div>\n\t\t\t\t<\/div>\n\t\t\t\t<\/div>\n\t\t\t\t\t<\/div>\n\t\t\t\t<\/div>\n\t\t<div class=\"elementor-element elementor-element-c5a146f e-flex e-con-boxed e-con e-parent\" data-id=\"c5a146f\" data-element_type=\"container\">\n\t\t\t\t\t<div class=\"e-con-inner\">\n\t\t\t\t<div class=\"elementor-element elementor-element-cb25a15 elementor-widget elementor-widget-heading\" data-id=\"cb25a15\" data-element_type=\"widget\" data-widget_type=\"heading.default\">\n\t\t\t\t<div class=\"elementor-widget-container\">\n\t\t\t\t\t<h5 class=\"elementor-heading-title elementor-size-default\"><a href=\"https:\/\/digikeyspot.com\/en\/polityka-prywatnosci\/\">Privacy Policy<\/a><\/h5>\t\t\t\t<\/div>\n\t\t\t\t<\/div>\n\t\t\t\t\t<\/div>\n\t\t\t\t<\/div>\n\t\t<div class=\"elementor-element elementor-element-2a96c33 e-flex e-con-boxed e-con e-parent\" data-id=\"2a96c33\" data-element_type=\"container\">\n\t\t\t\t\t<div class=\"e-con-inner\">\n\t\t\t\t<div class=\"elementor-element elementor-element-740f3e7 elementor-widget elementor-widget-heading\" data-id=\"740f3e7\" data-element_type=\"widget\" data-widget_type=\"heading.default\">\n\t\t\t\t<div class=\"elementor-widget-container\">\n\t\t\t\t\t<h5 class=\"elementor-heading-title elementor-size-default\"><a href=\"https:\/\/digikeyspot.com\/en\/regulamin-sklepu\/\">Store regulations<\/a><\/h5>\t\t\t\t<\/div>\n\t\t\t\t<\/div>\n\t\t\t\t\t<\/div>\n\t\t\t\t<\/div>\n\t\t\t\t<\/div>","protected":false},"excerpt":{"rendered":"<p>DigiKeySpot Cyfrowe produkty i do\u0142adowania Odkryj cyfrowe produkty i do\u0142adowania dostarczane natychmiast po zakupie Przegl\u0105daj produkty Dlaczego wybra\u0107 DigiKeySpot? Sprawd\u017a produkty dla siebie Zobacz produkty Polityka prywatno\u015bci Regulamin sklepu<\/p>","protected":false},"author":1,"featured_media":0,"parent":0,"menu_order":0,"comment_status":"closed","ping_status":"closed","template":"","meta":{"site-sidebar-layout":"no-sidebar","site-content-layout":"page-builder","ast-site-content-layout":"full-width-container","site-content-style":"unboxed","site-sidebar-style":"unboxed","ast-global-header-display":"","ast-banner-title-visibility":"","ast-main-header-display":"","ast-hfb-above-header-display":"","ast-hfb-below-header-display":"","ast-hfb-mobile-header-display":"","site-post-title":"disabled","ast-breadcrumbs-content":"","ast-featured-img":"disabled","footer-sml-layout":"","theme-transparent-header-meta":"enabled","adv-header-id-meta":"","stick-header-meta":"","header-above-stick-meta":"","header-main-stick-meta":"","header-below-stick-meta":"","astra-migrate-meta-layouts":"set","ast-page-background-enabled":"default","ast-page-background-meta":{"desktop":{"background-color":"var(--ast-global-color-4)","background-image":"","background-repeat":"repeat","background-position":"center center","background-size":"auto","background-attachment":"scroll","background-type":"","background-media":"","overlay-type":"","overlay-color":"","overlay-opacity":"","overlay-gradient":""},"tablet":{"background-color":"","background-image":"","background-repeat":"repeat","background-position":"center center","background-size":"auto","background-attachment":"scroll","background-type":"","background-media":"","overlay-type":"","overlay-color":"","overlay-opacity":"","overlay-gradient":""},"mobile":{"background-color":"","background-image":"","background-repeat":"repeat","background-position":"center center","background-size":"auto","background-attachment":"scroll","background-type":"","background-media":"","overlay-type":"","overlay-color":"","overlay-opacity":"","overlay-gradient":""}},"ast-content-background-meta":{"desktop":{"background-color":"var(--ast-global-color-5)","background-image":"","background-repeat":"repeat","background-position":"center center","background-size":"auto","background-attachment":"scroll","background-type":"","background-media":"","overlay-type":"","overlay-color":"","overlay-opacity":"","overlay-gradient":""},"tablet":{"background-color":"var(--ast-global-color-5)","background-image":"","background-repeat":"repeat","background-position":"center center","background-size":"auto","background-attachment":"scroll","background-type":"","background-media":"","overlay-type":"","overlay-color":"","overlay-opacity":"","overlay-gradient":""},"mobile":{"background-color":"var(--ast-global-color-5)","background-image":"","background-repeat":"repeat","background-position":"center center","background-size":"auto","background-attachment":"scroll","background-type":"","background-media":"","overlay-type":"","overlay-color":"","overlay-opacity":"","overlay-gradient":""}},"footnotes":""},"class_list":["post-49","page","type-page","status-publish","hentry"],"_links":{"self":[{"href":"https:\/\/digikeyspot.com\/en\/wp-json\/wp\/v2\/pages\/49","targetHints":{"allow":["GET"]}}],"collection":[{"href":"https:\/\/digikeyspot.com\/en\/wp-json\/wp\/v2\/pages"}],"about":[{"href":"https:\/\/digikeyspot.com\/en\/wp-json\/wp\/v2\/types\/page"}],"author":[{"embeddable":true,"href":"https:\/\/digikeyspot.com\/en\/wp-json\/wp\/v2\/users\/1"}],"replies":[{"embeddable":true,"href":"https:\/\/digikeyspot.com\/en\/wp-json\/wp\/v2\/comments?post=49"}],"version-history":[{"count":62,"href":"https:\/\/digikeyspot.com\/en\/wp-json\/wp\/v2\/pages\/49\/revisions"}],"predecessor-version":[{"id":1713,"href":"https:\/\/digikeyspot.com\/en\/wp-json\/wp\/v2\/pages\/49\/revisions\/1713"}],"wp:attachment":[{"href":"https:\/\/digikeyspot.com\/en\/wp-json\/wp\/v2\/media?parent=49"}],"curies":[{"name":"wp","href":"https:\/\/api.w.org\/{rel}","templated":true}]}}